{"id":320,"date":"2022-09-07T10:34:08","date_gmt":"2022-09-07T10:34:08","guid":{"rendered":"https:\/\/printhaus.pl\/kontakt\/"},"modified":"2024-07-31T13:14:36","modified_gmt":"2024-07-31T13:14:36","slug":"kontakt","status":"publish","type":"page","link":"https:\/\/printhaus.pl\/de\/kontakt\/","title":{"rendered":"Kontakt"},"content":{"rendered":"<h1>Heute ist die beste Zeit, mit uns der Zusammenarbeit zu&nbsp;beginnen! Kontaktieren Sie uns.<\/h1>\n<p><img decoding=\"async\" src=\"\/wp-content\/uploads\/2024\/02\/printhaus_logo_RGB_S.png\" alt=\"\"><\/p>\n<div><a href=\"tel:+48535713995\">  tel.: <span class=\"violet\">+48 535 713 995<\/span>  <\/a><\/div>\n<div><a href=\"mailto:anettasiekierzynska@gmail.com\">  mail: <b>anettasiekierzynska@gmail.com <\/b>  <\/a>\n<\/div>\n<div><a href=\"https:\/\/www.google.com\/maps\/dir\/\/Bociania+16,+68-200+\u017bary\/@51.6407484,15.1679723,17z\/data=!4m9!4m8!1m0!1m5!1m1!1s0x47089f50de0fbce9:0x4286b21fc47b39d!2m2!1d15.170161!2d51.6407484!3e0\" rel=\"nofollow\"> B\u00fcro: ul. Bociania 16 | 68-200 \u017bary | Lubuskie<\/a><\/div>\n<div>NIP 9281242543\n<\/div>\n<div>Kontonummer: PKO\/BP, SWIFT: BPKOPLPW <br \/>\nPL 85 1020 5460 0000 5602 0176 6708\n<\/div>\n<p>\n    <a href=\"#faq\">Fragen? Gehen Sie zu den<\/a>\n<\/p>\n<div>\n<p>    <iframe src=\"https:\/\/www.google.com\/maps\/embed?pb=!1m14!1m8!1m3!1d9904.16964053313!2d15.170161!3d51.6407484!3m2!1i1024!2i768!4f13.1!3m3!1m2!1s0x0%3A0xeba522c7fedc2a54!2sPrint%20Haus!5e0!3m2!1spl!2spl!4v1672831097062!5m2!1spl!2spl\" width=\"100%\" height=\"250\" style=\"border:0; border-radius: 40px;\" allowfullscreen=\"\" loading=\"lazy\" referrerpolicy=\"no-referrer-when-downgrade\"><\/iframe>\n<\/div>\n<h3>H\u00e4ufig gestellte Fragen<\/h3>\n<div>Wenn Sie den Druck zum ersten Mal bestellen oder Ihnen etwas unklar ist, k\u00f6nnen Sie uns jederzeit fragen. Inzwischen haben wir hier Antworten auf h\u00e4ufig gestellte Fragen zusammengestellt.<\/div>\n<ul>\n<li>\n<h3>Produzieren Sie nur die auf der Website aufgef\u00fchrten Produkte? <\/h3>\n<div>Nein, Sie k\u00f6nnen uns f\u00fcr jedes gew\u00fcnschte Druckprodukt eine Anfrage senden. Die Website enth\u00e4lt Informationen \u00fcber die beliebtesten und gefragtesten Drucksachen, aber unser Angebot ist viel umfassender.<\/div>\n<\/li>\n<li>\n<h3>Welche Dateiformate akzeptieren wir f\u00fcr den Druck?<\/h3>\n<div>Wir akzeptieren Dateien in den folgenden Formaten: PDF, TIF, gespeichert in CMYK-Farben, mit in Kurven umgewandelten Texten.<\/div>\n<\/li>\n<li>\n<h3>Welche Aufl\u00f6sung sollten die Bitmaps (Fotos) in der Datei haben? <\/h3>\n<div>Bei Aufl\u00f6sungsregeln geht es darum, die Druckqualit\u00e4t aufrechtzuerhalten. Im Offset- und Digitaldruck betr\u00e4gt der Fl\u00fcssigtonerdruck 300 dpi, im klassischen Digitaldruck mindestens 200 dpi. Wenn Sie gro\u00dfformatige Drucke bestellen, z.B. Poster oder Werbetafeln, ist die Aufl\u00f6sung deutlich geringer, h\u00e4ngt aber vom Format ab.<\/div>\n<\/li>\n<li>\n<h3>Machen Sie einen Testdruck, bevor die Bestellung bearbeitet wird? <\/h3>\n<div>Auf besonderen Wunsch des Kunden fertigen wir vor Auftragserf\u00fcllung einen Probedruck an, der als gesonderte Leistung in unserem Angebot enthalten ist.<\/div>\n<\/li>\n<\/ul>\n<div>\n<h3>Haben Sie etwas  zum Drucken?<\/h3>\n<div>Rufen Sie uns an oder schreiben Sie eine e-mail.<\/div>\n<p><a href=\"https:\/\/printhaus.pl\/de\/kontakt\/\">KONTAKT<\/a><\/p>\n<\/div>\n<p><img decoding=\"async\" src=\"\/wp-content\/uploads\/2022\/09\/Letterhead-Envelope-Mockup.jpg\" alt=\"\"><\/p>\n<hr>\n<div>Printhaus. Eine Druckerei,  <br \/ class=\"uk-visible@m\">die Ihre Erwartungen erf\u00fcllt<\/div>\n<div>Die Druckerei Printhaus ist Ihr guter Partner bei jedem Projekt. Wir haben 20 Jahre Erfahrung und viele zufriedene Kunden. Bitte teilen Sie uns mit, was wir f\u00fcr Sie drucken d\u00fcrfen.<\/div>\n<ul>\n<li>\n        <a href=\"#\"><\/a>\n    <\/li>\n<li>\n        <a href=\"https:\/\/www.linkedin.com\/in\/anetta-siekierzy\u0144ska-0a8a40251\/\"><\/a>\n    <\/li>\n<\/ul>\n<div>\n<p>Printhaus<br \/>NIP: 9281242543<br \/><a href=\"tel:+48535713995\">mobile: +48 535 713 995<\/a> <br \/><a href=\"mailto:anettasiekierzynska@gmail.com\">email: anettasiekierzynska@gmail.com<\/a><br \/><a href=\"https:\/\/www.google.com\/maps\/dir\/\/Bociania+16,+68-200+\u017bary\/@51.6407484,15.1679723,17z\/data=!4m9!4m8!1m0!1m5!1m1!1s0x47089f50de0fbce9:0x4286b21fc47b39d!2m2!1d15.170161!2d51.6407484!3e0\" rel=\"nofollow\"> B\u00fcro: ul. Bociania 16, 68-200 \u017bary, Lubuskie, PL<\/a><\/p>\n<\/div>\n<div><a href=\"\/wp-content\/uploads\/2024\/05\/Normy-jakosciowe-Printhaus.pdf\"> Qualit\u00e4tsstandarde<\/a> | <br class=\"uk-hidden@l\" \/>by <a href=\"https:\/\/hotmilk.pl\" rel=\"nofollow noopener\">hotmilk<\/a><\/div>\n<p><!--more--><br \/>\n<!-- {\"type\":\"layout\",\"children\":[{\"name\":\"section 1 main\",\"type\":\"section\",\"props\":{\"animation\":\"slide-left-medium\",\"animation_delay\":false,\"height\":\"full\",\"image_position\":\"center-center\",\"image_size\":\"cover\",\"style\":\"default\",\"title_breakpoint\":\"xl\",\"title_position\":\"top-left\",\"title_rotation\":\"left\",\"vertical_align\":\"middle\",\"width\":\"default\"},\"children\":[{\"type\":\"row\",\"props\":{\"column_gap\":\"collapse\",\"row_gap\":\"large\",\"vertical_align\":true},\"children\":[{\"type\":\"column\",\"props\":{\"image_position\":\"center-center\",\"position_sticky_breakpoint\":\"m\",\"vertical_align\":\"middle\"},\"children\":[{\"type\":\"headline\",\"props\":{\"content\":\"Heute ist die beste Zeit, mit uns der Zusammenarbeit zu&nbsp;beginnen! Kontaktieren Sie uns.\",\"margin_remove_top\":false,\"text_align\":\"left\",\"text_align_breakpoint\":\"m\",\"text_align_fallback\":\"left\",\"title_element\":\"h1\",\"title_font_family\":\"primary\",\"title_style\":\"h1\"}}]}]},{\"type\":\"row\",\"props\":{\"column_gap\":\"collapse\",\"layout\":\"1-2,1-2\",\"row_gap\":\"large\",\"vertical_align\":true},\"children\":[{\"type\":\"column\",\"props\":{\"image_position\":\"center-center\",\"position_sticky_breakpoint\":\"m\",\"vertical_align\":\"bottom\",\"width_medium\":\"1-2\"},\"children\":[{\"type\":\"image\",\"props\":{\"image\":\"wp-content\\\/uploads\\\/2024\\\/02\\\/printhaus_logo_RGB_S.png\",\"image_height\":\"40px\",\"image_svg_color\":\"emphasis\",\"margin\":\"default\"}},{\"type\":\"headline\",\"props\":{\"content\":\"<a href=\\\"tel:+48535713995\\\">  tel.: <span class=\\\"violet\\\">+48 535 713 995<\\\/span>  <\\\/a>\",\"margin_remove_top\":true,\"text_align\":\"left\",\"text_align_breakpoint\":\"m\",\"text_align_fallback\":\"left\",\"title_color\":\"primary\",\"title_element\":\"div\",\"title_font_family\":\"default\",\"title_style\":\"h4\"}},{\"type\":\"headline\",\"props\":{\"content\":\"<a href=\\\"mailto:anettasiekierzynska@gmail.com\\\">  mail: <b>anettasiekierzynska@gmail.com <\\\/b>  <\\\/a>\\n\",\"margin_remove_top\":true,\"text_align\":\"left\",\"text_align_breakpoint\":\"m\",\"text_align_fallback\":\"left\",\"title_color\":\"primary\",\"title_element\":\"div\",\"title_font_family\":\"default\",\"title_style\":\"h4\"}},{\"type\":\"headline\",\"props\":{\"content\":\"<a href=\\\"https:\\\/\\\/www.google.com\\\/maps\\\/dir\\\/\\\/Bociania+16,+68-200+\\u017bary\\\/@51.6407484,15.1679723,17z\\\/data=!4m9!4m8!1m0!1m5!1m1!1s0x47089f50de0fbce9:0x4286b21fc47b39d!2m2!1d15.170161!2d51.6407484!3e0\\\" rel=\\\"nofollow\\\"> B\\u00fcro: ul. Bociania 16 | 68-200 \\u017bary | Lubuskie<\\\/a>\",\"margin_remove_top\":true,\"text_align\":\"left\",\"text_align_breakpoint\":\"m\",\"text_align_fallback\":\"left\",\"title_color\":\"primary\",\"title_element\":\"div\",\"title_font_family\":\"default\",\"title_style\":\"h4\"}}]},{\"type\":\"column\",\"props\":{\"image_position\":\"center-center\",\"position_sticky_breakpoint\":\"m\",\"vertical_align\":\"bottom\",\"width_medium\":\"1-2\"},\"children\":[{\"type\":\"headline\",\"props\":{\"content\":\"NIP 9281242543\\n\",\"margin_remove_top\":true,\"text_align\":\"left\",\"text_align_breakpoint\":\"m\",\"text_align_fallback\":\"left\",\"title_color\":\"primary\",\"title_element\":\"div\",\"title_font_family\":\"default\",\"title_style\":\"h4\"}},{\"type\":\"headline\",\"props\":{\"content\":\"Kontonummer: PKO\\\/BP, SWIFT: BPKOPLPW <br\\\/>\\nPL 85 1020 5460 0000 5602 0176 6708\\n\",\"margin_remove_top\":true,\"text_align\":\"left\",\"text_align_breakpoint\":\"m\",\"text_align_fallback\":\"left\",\"title_color\":\"primary\",\"title_element\":\"div\",\"title_font_family\":\"default\",\"title_style\":\"h4\"}}]}]},{\"type\":\"row\",\"props\":{\"column_gap\":\"collapse\",\"layout\":\"1-2,1-2\",\"row_gap\":\"large\",\"vertical_align\":true},\"children\":[{\"type\":\"column\",\"props\":{\"image_position\":\"center-center\",\"position_sticky_breakpoint\":\"m\",\"vertical_align\":\"bottom\",\"width_medium\":\"1-2\"},\"children\":[{\"type\":\"button\",\"props\":{\"grid_column_gap\":\"small\",\"grid_row_gap\":\"small\",\"margin\":\"large\",\"margin_remove_top\":false,\"text_align\":\"left\",\"text_align_breakpoint\":\"m\",\"text_align_fallback\":\"left\"},\"children\":[{\"type\":\"button_item\",\"props\":{\"button_style\":\"primary\",\"content\":\"Fragen? Gehen Sie zu den\",\"icon_align\":\"left\",\"link\":\"#faq\",\"link_title\":\"faq\"}}]}]},{\"type\":\"column\",\"props\":{\"image_position\":\"center-center\",\"position_sticky_breakpoint\":\"m\",\"vertical_align\":\"bottom\",\"width_medium\":\"1-2\"},\"children\":[{\"type\":\"html\",\"props\":{\"content\":\"<iframe src=\\\"https:\\\/\\\/www.google.com\\\/maps\\\/embed?pb=!1m14!1m8!1m3!1d9904.16964053313!2d15.170161!3d51.6407484!3m2!1i1024!2i768!4f13.1!3m3!1m2!1s0x0%3A0xeba522c7fedc2a54!2sPrint%20Haus!5e0!3m2!1spl!2spl!4v1672831097062!5m2!1spl!2spl\\\" width=\\\"100%\\\" height=\\\"250\\\" style=\\\"border:0; border-radius: 40px;\\\" allowfullscreen=\\\"\\\" loading=\\\"lazy\\\" referrerpolicy=\\\"no-referrer-when-downgrade\\\"><\\\/iframe>\"}}]}]}]},{\"type\":\"section\",\"props\":{\"animation\":\"slide-left-medium\",\"animation_delay\":\"false\",\"id\":\"faq\",\"image_position\":\"center-center\",\"style\":\"default\",\"title_breakpoint\":\"xl\",\"title_position\":\"top-left\",\"title_rotation\":\"left\",\"vertical_align\":\"middle\",\"width\":\"default\"},\"children\":[{\"type\":\"row\",\"props\":{\"column_gap\":\"large\",\"layout\":\"1-2,1-2\"},\"children\":[{\"type\":\"column\",\"props\":{\"image_position\":\"center-center\",\"position_sticky_breakpoint\":\"m\",\"width_medium\":\"1-2\"},\"children\":[{\"type\":\"headline\",\"props\":{\"content\":\"H\\u00e4ufig gestellte Fragen\",\"title_element\":\"h3\",\"title_style\":\"h2\"}},{\"type\":\"text\",\"props\":{\"column_breakpoint\":\"m\",\"content\":\"Wenn Sie den Druck zum ersten Mal bestellen oder Ihnen etwas unklar ist, k\\u00f6nnen Sie uns jederzeit fragen. Inzwischen haben wir hier Antworten auf h\\u00e4ufig gestellte Fragen zusammengestellt.\",\"margin\":\"default\"}}]},{\"type\":\"column\",\"props\":{\"image_position\":\"center-center\",\"position_sticky_breakpoint\":\"m\",\"width_medium\":\"1-2\"},\"children\":[{\"type\":\"accordion\",\"props\":{\"collapsible\":true,\"content_column_breakpoint\":\"m\",\"image_align\":\"top\",\"image_grid_breakpoint\":\"m\",\"image_grid_width\":\"1-2\",\"image_svg_color\":\"emphasis\",\"link_style\":\"default\",\"link_text\":\"Read more\",\"maxwidth\":\"xlarge\",\"show_image\":true,\"show_link\":true},\"children\":[{\"type\":\"accordion_item\",\"props\":{\"content\":\"Nein, Sie k\\u00f6nnen uns f\\u00fcr jedes gew\\u00fcnschte Druckprodukt eine Anfrage senden. Die Website enth\\u00e4lt Informationen \\u00fcber die beliebtesten und gefragtesten Drucksachen, aber unser Angebot ist viel umfassender.\",\"title\":\"Produzieren Sie nur die auf der Website aufgef\\u00fchrten Produkte? \"}},{\"type\":\"accordion_item\",\"props\":{\"content\":\"Wir akzeptieren Dateien in den folgenden Formaten: PDF, TIF, gespeichert in CMYK-Farben, mit in Kurven umgewandelten Texten.\",\"title\":\"Welche Dateiformate akzeptieren wir f\\u00fcr den Druck?\"}},{\"type\":\"accordion_item\",\"props\":{\"content\":\"Bei Aufl\\u00f6sungsregeln geht es darum, die Druckqualit\\u00e4t aufrechtzuerhalten. Im Offset- und Digitaldruck betr\\u00e4gt der Fl\\u00fcssigtonerdruck 300 dpi, im klassischen Digitaldruck mindestens 200 dpi. Wenn Sie gro\\u00dfformatige Drucke bestellen, z.B. Poster oder Werbetafeln, ist die Aufl\\u00f6sung deutlich geringer, h\\u00e4ngt aber vom Format ab.\",\"title\":\"Welche Aufl\\u00f6sung sollten die Bitmaps (Fotos) in der Datei haben? \"}},{\"type\":\"accordion_item\",\"props\":{\"content\":\"Auf besonderen Wunsch des Kunden fertigen wir vor Auftragserf\\u00fcllung einen Probedruck an, der als gesonderte Leistung in unserem Angebot enthalten ist.\",\"title\":\"Machen Sie einen Testdruck, bevor die Bestellung bearbeitet wird? \"}}]}]}]}]},{\"type\":\"section\",\"props\":{\"animation\":\"slide-left-medium\",\"animation_delay\":\"false\",\"image_position\":\"center-center\",\"style\":\"default\",\"title_breakpoint\":\"xl\",\"title_position\":\"top-left\",\"title_rotation\":\"left\",\"vertical_align\":\"middle\",\"width\":\"default\"},\"children\":[{\"type\":\"row\",\"props\":{\"layout\":\"1-3,2-3\",\"row_gap\":\"large\"},\"children\":[{\"type\":\"column\",\"props\":{\"image_position\":\"center-center\",\"position_sticky_breakpoint\":\"m\",\"vertical_align\":\"middle\",\"width_medium\":\"1-3\"},\"children\":[{\"type\":\"panel\",\"props\":{\"content\":\"Rufen Sie uns an oder schreiben Sie eine e-mail.\",\"content_column_breakpoint\":\"m\",\"icon_width\":80,\"image_align\":\"top\",\"image_grid_breakpoint\":\"m\",\"image_grid_width\":\"1-2\",\"image_svg_color\":\"emphasis\",\"link\":\"\\\/de\\\/kontakt\",\"link_style\":\"secondary\",\"link_text\":\"KONTAKT\",\"margin\":\"default\",\"maxwidth\":\"medium\",\"meta_align\":\"below-title\",\"meta_element\":\"div\",\"meta_style\":\"text-meta\",\"panel_link\":false,\"panel_padding\":\"default\",\"panel_style\":\"card-primary\",\"text_align\":\"center\",\"title\":\"Haben Sie etwas  zum Drucken?\",\"title_align\":\"top\",\"title_element\":\"h3\",\"title_grid_breakpoint\":\"m\",\"title_grid_width\":\"1-2\",\"title_hover_style\":\"reset\"},\"name\":\"card va\"}]},{\"type\":\"column\",\"props\":{\"image_position\":\"center-center\",\"position_sticky_breakpoint\":\"m\",\"vertical_align\":\"middle\",\"width_medium\":\"2-3\"},\"children\":[{\"type\":\"image\",\"props\":{\"image\":\"wp-content\\\/uploads\\\/2022\\\/09\\\/Letterhead-Envelope-Mockup.jpg\",\"image_svg_color\":\"emphasis\",\"margin\":\"default\"}}]}]}]},{\"type\":\"section\",\"props\":{\"id\":\"footer\",\"image_position\":\"center-center\",\"style\":\"default\",\"title_breakpoint\":\"xl\",\"title_position\":\"top-left\",\"title_rotation\":\"left\",\"vertical_align\":\"middle\",\"width\":\"default\"},\"children\":[{\"type\":\"row\",\"children\":[{\"type\":\"column\",\"props\":{\"image_position\":\"center-center\",\"position_sticky_breakpoint\":\"m\"},\"children\":[{\"type\":\"divider\",\"props\":{\"divider_element\":\"hr\"}}]}]},{\"type\":\"row\",\"props\":{\"layout\":\"1-2,1-2\"},\"children\":[{\"type\":\"column\",\"props\":{\"image_position\":\"center-center\",\"position_sticky_breakpoint\":\"m\",\"width_medium\":\"1-2\",\"width_small\":\"1-2\"},\"children\":[{\"type\":\"headline\",\"props\":{\"content\":\"Printhaus. Eine Druckerei,  <br \\\/ class=\\\"uk-visible@m\\\">die Ihre Erwartungen erf\\u00fcllt\",\"title_color\":\"primary\",\"title_element\":\"div\",\"title_style\":\"h2\"}}]},{\"type\":\"column\",\"props\":{\"image_position\":\"center-center\",\"position_sticky_breakpoint\":\"m\",\"width_medium\":\"1-2\",\"width_small\":\"1-2\"}}]},{\"type\":\"row\",\"props\":{\"layout\":\"1-2,1-2\"},\"children\":[{\"type\":\"column\",\"props\":{\"image_position\":\"center-center\",\"position_sticky_breakpoint\":\"m\",\"width_medium\":\"1-2\",\"width_small\":\"1-2\"},\"children\":[{\"type\":\"text\",\"props\":{\"column_breakpoint\":\"m\",\"content\":\"Die Druckerei Printhaus ist Ihr guter Partner bei jedem Projekt. Wir haben 20 Jahre Erfahrung und viele zufriedene Kunden. Bitte teilen Sie uns mit, was wir f\\u00fcr Sie drucken d\\u00fcrfen.\",\"margin\":\"default\"}},{\"type\":\"button\",\"props\":{\"grid_column_gap\":\"small\",\"grid_row_gap\":\"small\",\"margin\":\"default\"},\"children\":[{\"type\":\"button_item\",\"props\":{\"button_style\":\"text\",\"icon\":\"instagram\",\"icon_align\":\"left\",\"link\":\"#\",\"link_target\":\"blank\"}},{\"type\":\"button_item\",\"props\":{\"button_style\":\"text\",\"icon\":\"linkedin\",\"icon_align\":\"left\",\"link\":\"https:\\\/\\\/www.linkedin.com\\\/in\\\/anetta-siekierzy\\u0144ska-0a8a40251\\\/\",\"link_target\":\"blank\"}}]}]},{\"type\":\"column\",\"props\":{\"image_position\":\"center-center\",\"position_sticky_breakpoint\":\"m\",\"width_medium\":\"1-2\",\"width_small\":\"1-2\"},\"children\":[{\"type\":\"text\",\"props\":{\"column_breakpoint\":\"m\",\"content\":\"\n\n<p>Printhaus<br \\\/>NIP: 9281242543<br \\\/><a href=\\\"tel:+48535713995\\\">mobile: +48 535 713 995<\\\/a> <br \\\/><a href=\\\"mailto:anettasiekierzynska@gmail.com\\\">email: anettasiekierzynska@gmail.com<\\\/a><br \\\/><a href=\\\"https:\\\/\\\/www.google.com\\\/maps\\\/dir\\\/\\\/Bociania+16,+68-200+\\u017bary\\\/@51.6407484,15.1679723,17z\\\/data=!4m9!4m8!1m0!1m5!1m1!1s0x47089f50de0fbce9:0x4286b21fc47b39d!2m2!1d15.170161!2d51.6407484!3e0\\\" rel=\\\"nofollow\\\"> B\\u00fcro: ul. Bociania 16, 68-200 \\u017bary, Lubuskie, PL<\\\/a><\\\/p>\",\"margin\":\"default\"}}]}]},{\"type\":\"row\",\"children\":[{\"type\":\"column\",\"props\":{\"image_position\":\"center-center\",\"position_sticky_breakpoint\":\"m\"},\"children\":[{\"type\":\"headline\",\"props\":{\"content\":\"<a href=\\\"\\\/wp-content\\\/uploads\\\/2024\\\/05\\\/Normy-jakosciowe-Printhaus.pdf\\\"> Qualit\\u00e4tsstandarde<\\\/a> | <br class=\\\"uk-hidden@l\\\" \\\/>by <a href=\\\"https:\\\/\\\/hotmilk.pl\\\" rel=\\\"nofollow noopener\\\">hotmilk<\\\/a>\",\"text_align\":\"left\",\"title_element\":\"div\",\"title_style\":\"text-meta\"}}]}]}],\"name\":\"stopka de\"}],\"version\":\"4.0.13\"} --><\/p>\n","protected":false},"excerpt":{"rendered":"<p>Heute ist die beste Zeit, mit uns der Zusammenarbeit zu&nbsp;beginnen! Kontaktieren Sie uns. tel.: +48 535 713 995 mail: anettasiekierzynska@gmail.com B\u00fcro: ul. Bociania 16 | 68-200 \u017bary | Lubuskie NIP 9281242543 Kontonummer: PKO\/BP, SWIFT: BPKOPLPW PL 85 1020 5460 0000 5602 0176 6708 Fragen? Gehen Sie zu den H\u00e4ufig gestellte Fragen Wenn Sie den Druck [&hellip;]<\/p>\n","protected":false},"author":1,"featured_media":306,"parent":0,"menu_order":0,"comment_status":"closed","ping_status":"closed","template":"","meta":{"footnotes":""},"class_list":["post-320","page","type-page","status-publish","has-post-thumbnail","hentry"],"yoast_head":"<!-- This site is optimized with the Yoast SEO plugin v26.4 - https:\/\/yoast.com\/wordpress\/plugins\/seo\/ -->\n<title>Kontakt - g\u00fcnstig druckerei - Printhaus<\/title>\n<meta name=\"description\" content=\"Sind Sie an der Zusammenarbeit mit unserer Druckerei mit Sitz in \u017bary interessiert? Kontaktieren Sie uns bitte per E-Mail oder Telefon und lasst uns Ihr Projekt fachgerecht realisieren.\" \/>\n<meta name=\"robots\" content=\"index, follow, max-snippet:-1, max-image-preview:large, max-video-preview:-1\" \/>\n<link rel=\"canonical\" href=\"https:\/\/printhaus.pl\/de\/kontakt\/\" \/>\n<meta property=\"og:locale\" content=\"de_DE\" \/>\n<meta property=\"og:type\" content=\"article\" \/>\n<meta property=\"og:title\" content=\"Kontaktieren Sie uns | Printhaus\" \/>\n<meta property=\"og:description\" content=\"G\u00fcnstiges Drucken in Polen! Wir k\u00f6nnen den Druckprozess so optimieren, dass wir Ihnen einen g\u00fcnstigen Preis anbieten k\u00f6nnen.\" \/>\n<meta property=\"og:url\" content=\"https:\/\/printhaus.pl\/de\/kontakt\/\" \/>\n<meta property=\"og:site_name\" content=\"Printhaus\" \/>\n<meta property=\"article:modified_time\" content=\"2024-07-31T13:14:36+00:00\" \/>\n<meta property=\"og:image\" content=\"https:\/\/printhaus.pl\/wp-content\/uploads\/2022\/09\/Letterhead-Envelope-Mockup.jpg\" \/>\n\t<meta property=\"og:image:width\" content=\"1000\" \/>\n\t<meta property=\"og:image:height\" content=\"704\" \/>\n\t<meta property=\"og:image:type\" content=\"image\/jpeg\" \/>\n<meta name=\"twitter:card\" content=\"summary_large_image\" \/>\n<meta name=\"twitter:label1\" content=\"Gesch\u00e4tzte Lesezeit\" \/>\n\t<meta name=\"twitter:data1\" content=\"2\u00a0Minuten\" \/>\n<script type=\"application\/ld+json\" class=\"yoast-schema-graph\">{\"@context\":\"https:\/\/schema.org\",\"@graph\":[{\"@type\":\"WebPage\",\"@id\":\"https:\/\/printhaus.pl\/de\/kontakt\/\",\"url\":\"https:\/\/printhaus.pl\/de\/kontakt\/\",\"name\":\"Kontakt - g\u00fcnstig druckerei - Printhaus\",\"isPartOf\":{\"@id\":\"https:\/\/printhaus.pl\/de\/#website\"},\"primaryImageOfPage\":{\"@id\":\"https:\/\/printhaus.pl\/de\/kontakt\/#primaryimage\"},\"image\":{\"@id\":\"https:\/\/printhaus.pl\/de\/kontakt\/#primaryimage\"},\"thumbnailUrl\":\"https:\/\/printhaus.pl\/wp-content\/uploads\/2022\/09\/Letterhead-Envelope-Mockup.jpg\",\"datePublished\":\"2022-09-07T10:34:08+00:00\",\"dateModified\":\"2024-07-31T13:14:36+00:00\",\"description\":\"Sind Sie an der Zusammenarbeit mit unserer Druckerei mit Sitz in \u017bary interessiert? Kontaktieren Sie uns bitte per E-Mail oder Telefon und lasst uns Ihr Projekt fachgerecht realisieren.\",\"breadcrumb\":{\"@id\":\"https:\/\/printhaus.pl\/de\/kontakt\/#breadcrumb\"},\"inLanguage\":\"de\",\"potentialAction\":[{\"@type\":\"ReadAction\",\"target\":[\"https:\/\/printhaus.pl\/de\/kontakt\/\"]}]},{\"@type\":\"ImageObject\",\"inLanguage\":\"de\",\"@id\":\"https:\/\/printhaus.pl\/de\/kontakt\/#primaryimage\",\"url\":\"https:\/\/printhaus.pl\/wp-content\/uploads\/2022\/09\/Letterhead-Envelope-Mockup.jpg\",\"contentUrl\":\"https:\/\/printhaus.pl\/wp-content\/uploads\/2022\/09\/Letterhead-Envelope-Mockup.jpg\",\"width\":1000,\"height\":704,\"caption\":\"Printhaus Drukarnia tanie drukowanie\"},{\"@type\":\"BreadcrumbList\",\"@id\":\"https:\/\/printhaus.pl\/de\/kontakt\/#breadcrumb\",\"itemListElement\":[{\"@type\":\"ListItem\",\"position\":1,\"name\":\"Strona g\u0142\u00f3wna\",\"item\":\"https:\/\/printhaus.pl\/de\/\"},{\"@type\":\"ListItem\",\"position\":2,\"name\":\"Kontakt\"}]},{\"@type\":\"WebSite\",\"@id\":\"https:\/\/printhaus.pl\/de\/#website\",\"url\":\"https:\/\/printhaus.pl\/de\/\",\"name\":\"Printhaus\",\"description\":\"Tanie drukowanie w Polsce\",\"potentialAction\":[{\"@type\":\"SearchAction\",\"target\":{\"@type\":\"EntryPoint\",\"urlTemplate\":\"https:\/\/printhaus.pl\/de\/?s={search_term_string}\"},\"query-input\":{\"@type\":\"PropertyValueSpecification\",\"valueRequired\":true,\"valueName\":\"search_term_string\"}}],\"inLanguage\":\"de\"}]}<\/script>\n<!-- \/ Yoast SEO plugin. -->","yoast_head_json":{"title":"Kontakt - g\u00fcnstig druckerei - Printhaus","description":"Sind Sie an der Zusammenarbeit mit unserer Druckerei mit Sitz in \u017bary interessiert? Kontaktieren Sie uns bitte per E-Mail oder Telefon und lasst uns Ihr Projekt fachgerecht realisieren.","robots":{"index":"index","follow":"follow","max-snippet":"max-snippet:-1","max-image-preview":"max-image-preview:large","max-video-preview":"max-video-preview:-1"},"canonical":"https:\/\/printhaus.pl\/de\/kontakt\/","og_locale":"de_DE","og_type":"article","og_title":"Kontaktieren Sie uns | Printhaus","og_description":"G\u00fcnstiges Drucken in Polen! Wir k\u00f6nnen den Druckprozess so optimieren, dass wir Ihnen einen g\u00fcnstigen Preis anbieten k\u00f6nnen.","og_url":"https:\/\/printhaus.pl\/de\/kontakt\/","og_site_name":"Printhaus","article_modified_time":"2024-07-31T13:14:36+00:00","og_image":[{"width":1000,"height":704,"url":"https:\/\/printhaus.pl\/wp-content\/uploads\/2022\/09\/Letterhead-Envelope-Mockup.jpg","type":"image\/jpeg"}],"twitter_card":"summary_large_image","twitter_misc":{"Gesch\u00e4tzte Lesezeit":"2\u00a0Minuten"},"schema":{"@context":"https:\/\/schema.org","@graph":[{"@type":"WebPage","@id":"https:\/\/printhaus.pl\/de\/kontakt\/","url":"https:\/\/printhaus.pl\/de\/kontakt\/","name":"Kontakt - g\u00fcnstig druckerei - Printhaus","isPartOf":{"@id":"https:\/\/printhaus.pl\/de\/#website"},"primaryImageOfPage":{"@id":"https:\/\/printhaus.pl\/de\/kontakt\/#primaryimage"},"image":{"@id":"https:\/\/printhaus.pl\/de\/kontakt\/#primaryimage"},"thumbnailUrl":"https:\/\/printhaus.pl\/wp-content\/uploads\/2022\/09\/Letterhead-Envelope-Mockup.jpg","datePublished":"2022-09-07T10:34:08+00:00","dateModified":"2024-07-31T13:14:36+00:00","description":"Sind Sie an der Zusammenarbeit mit unserer Druckerei mit Sitz in \u017bary interessiert? Kontaktieren Sie uns bitte per E-Mail oder Telefon und lasst uns Ihr Projekt fachgerecht realisieren.","breadcrumb":{"@id":"https:\/\/printhaus.pl\/de\/kontakt\/#breadcrumb"},"inLanguage":"de","potentialAction":[{"@type":"ReadAction","target":["https:\/\/printhaus.pl\/de\/kontakt\/"]}]},{"@type":"ImageObject","inLanguage":"de","@id":"https:\/\/printhaus.pl\/de\/kontakt\/#primaryimage","url":"https:\/\/printhaus.pl\/wp-content\/uploads\/2022\/09\/Letterhead-Envelope-Mockup.jpg","contentUrl":"https:\/\/printhaus.pl\/wp-content\/uploads\/2022\/09\/Letterhead-Envelope-Mockup.jpg","width":1000,"height":704,"caption":"Printhaus Drukarnia tanie drukowanie"},{"@type":"BreadcrumbList","@id":"https:\/\/printhaus.pl\/de\/kontakt\/#breadcrumb","itemListElement":[{"@type":"ListItem","position":1,"name":"Strona g\u0142\u00f3wna","item":"https:\/\/printhaus.pl\/de\/"},{"@type":"ListItem","position":2,"name":"Kontakt"}]},{"@type":"WebSite","@id":"https:\/\/printhaus.pl\/de\/#website","url":"https:\/\/printhaus.pl\/de\/","name":"Printhaus","description":"Tanie drukowanie w Polsce","potentialAction":[{"@type":"SearchAction","target":{"@type":"EntryPoint","urlTemplate":"https:\/\/printhaus.pl\/de\/?s={search_term_string}"},"query-input":{"@type":"PropertyValueSpecification","valueRequired":true,"valueName":"search_term_string"}}],"inLanguage":"de"}]}},"_links":{"self":[{"href":"https:\/\/printhaus.pl\/de\/wp-json\/wp\/v2\/pages\/320","targetHints":{"allow":["GET"]}}],"collection":[{"href":"https:\/\/printhaus.pl\/de\/wp-json\/wp\/v2\/pages"}],"about":[{"href":"https:\/\/printhaus.pl\/de\/wp-json\/wp\/v2\/types\/page"}],"author":[{"embeddable":true,"href":"https:\/\/printhaus.pl\/de\/wp-json\/wp\/v2\/users\/1"}],"replies":[{"embeddable":true,"href":"https:\/\/printhaus.pl\/de\/wp-json\/wp\/v2\/comments?post=320"}],"version-history":[{"count":32,"href":"https:\/\/printhaus.pl\/de\/wp-json\/wp\/v2\/pages\/320\/revisions"}],"predecessor-version":[{"id":692,"href":"https:\/\/printhaus.pl\/de\/wp-json\/wp\/v2\/pages\/320\/revisions\/692"}],"wp:featuredmedia":[{"embeddable":true,"href":"https:\/\/printhaus.pl\/de\/wp-json\/wp\/v2\/media\/306"}],"wp:attachment":[{"href":"https:\/\/printhaus.pl\/de\/wp-json\/wp\/v2\/media?parent=320"}],"curies":[{"name":"wp","href":"https:\/\/api.w.org\/{rel}","templated":true}]}}