{"id":724,"date":"2024-09-10T14:03:25","date_gmt":"2024-09-10T14:03:25","guid":{"rendered":"https:\/\/printhaus.pl\/?page_id=724"},"modified":"2025-09-15T08:04:32","modified_gmt":"2025-09-15T08:04:32","slug":"kalender","status":"publish","type":"page","link":"https:\/\/printhaus.pl\/de\/kalender\/","title":{"rendered":"Kalender"},"content":{"rendered":"<h1>Kalender<\/h1>\n<div>\n<p style=\"text-align: justify;\"><strong>Printhaus \u00fcbernimmt den Druck von Kalendern<\/strong> von A bis Z und arbeitet mit den neuesten Technologien, um Ihren Erwartungen mit qualitativ hochwertigen Produkten voll und ganz gerecht zu werden. Unser Angebot umfasst eine gro\u00dfe Auswahl an Kalenderformaten und -arten, die auf die individuellen Bed\u00fcrfnisse jedes Kunden zugeschnitten werden k\u00f6nnen.<\/p>\n<p style=\"text-align: justify;\"><strong>Das Kalenderdruckverfahren<\/strong> wird sorgf\u00e4ltig geplant, um die h\u00f6chste Qualit\u00e4t des Endprodukts zu gew\u00e4hrleisten. Wir beginnen mit einem ausf\u00fchrlichen Gespr\u00e4ch \u00fcber Ihre Anforderungen und Erwartungen, um genau zu verstehen, wie Ihr Kalender aussehen soll. Anschlie\u00dfend gehen wir in die Entwurfsphase \u00fcber, in der unser erfahrenes Designerteam gemeinsam mit Ihnen den perfekten Kalender entwirft, der Ihren Bed\u00fcrfnissen und Vorlieben entspricht.<\/p>\n<p style=\"text-align: justify;\">Sobald der Entwurf genehmigt ist, gehen wir zum Druck \u00fcber. Wir arbeiten mit modernen Druckmaschinen und k\u00f6nnen deshalb eine hervorragende Druckqualit\u00e4t garantieren. Jede Prozessphase wird sorgf\u00e4ltig kontrolliert, um sicherzustellen, dass Sie ein Produkt mit den h\u00f6chsten Qualit\u00e4tsstandards erhalten.<\/p>\n<\/div>\n<h2>Bei uns drucken Sie Ihren eigenen Kalender<\/h2>\n<div>\n<p style=\"text-align:justify;\">Wir wissen, dass jeder Kunde andere W\u00fcnsche hat,. Und genau deshalb bieten wir die vollst\u00e4ndige Anpassungsm\u00f6glichkeit von Kalendern an. Sie k\u00f6nnen das Format, den Stil, das Farbschema und den Inhalt des Kalenders so w\u00e4hlen, dass er perfekt zu Ihrem Stil und Ihren Bed\u00fcrfnissen passt. Unser Team ist bereit, Ihnen bei der Erstellung eines Kalenders zu helfen, der den Charakter Ihres Unternehmens widerspiegelt und alle Ihre Erwartungen erf\u00fcllt.<\/p>\n<p style=\"text-align:justify;\">Ganz gleich, ob Sie Tischkalender f\u00fcr Ihr Team oder Wandkalender f\u00fcr die Verteilung an Kunden ben\u00f6tigen, wir k\u00f6nnen Ihnen ein Produkt liefern, das sowohl praktisch als auch \u00e4sthetisch ansprechend ist. Unsere Kalender sind der perfekte Werbetr\u00e4ger, um den Bekanntheitsgrad Ihrer Marke zu erh\u00f6hen.<\/p>\n<\/div>\n<div>\n<h2>Wie bereitet man eine Datei f\u00fcr den Kalenderdruck vor? <\/h2>\n<p>Um einen <strong>Kalenderdruck<\/strong> in h\u00f6chster Qualit\u00e4t zu gew\u00e4hrleisten, ist die richtige Dateivorbereitung entscheidend. Dateien sollten im PDF-Format bis Version 1.7 oder im PostScript-Format bis Version 3 gespeichert werden, um die Kompatibilit\u00e4t mit unseren Drucksystemen zu gew\u00e4hrleisten. Der CMYK-Farbraum und die passende Aufl\u00f6sung sind weitere wichtige Elemente, die den endg\u00fcltigen visuellen Effekt beeinflussen.<\/p>\n<p>Eine detailgenaue Dateivorbereitung ist unerl\u00e4sslich, um Probleme beim Druckvorgang zu vermeiden. Es wird empfohlen, alle grafischen Elemente in hoher Aufl\u00f6sung zu verwenden und den Text in Konturen umzuwandeln, um das Risiko von Schriftartfehlern zu vermeiden. Achten Sie au\u00dferdem darauf, dass alle R\u00e4nder und Anschnitte korrekt eingestellt sind, um einen pr\u00e4zisen Zuschnitt des Kalenders nach dem Druck zu erm\u00f6glichen.<\/p>\n<p>Vor dem Einreichen von Dateien f\u00fcr den Kalenderdruck wird empfohlen, Proofs zu verwenden, die eine Farb- und Qualit\u00e4tsbeurteilung vor Produktionsbeginn erm\u00f6glichen.<\/p>\n<h2>Welche Technologien verwenden wir beim Kalenderdruck?<\/h2>\n<p>Beim <strong>Drucken von Kalendern<\/strong> kommen verschiedene Technologien zum Einsatz, die eine hervorragende Qualit\u00e4t und Langlebigkeit der Produkte gew\u00e4hrleisten. Der Offsetdruck eignet sich ideal f\u00fcr gro\u00dfe Auflagen und gew\u00e4hrleistet pr\u00e4zise Farb- und Detailwiedergabe. Der Digitaldruck hingegen erm\u00f6glicht kleinere Auftr\u00e4ge bei gleichzeitig hoher Qualit\u00e4t und Flexibilit\u00e4t bei der Personalisierung.<\/p>\n<p>F\u00fcr anspruchsvollere Projekte verwenden wir auch UV- und Solvent-Drucktechnologien, die eine au\u00dfergew\u00f6hnliche Best\u00e4ndigkeit gegen \u00e4u\u00dfere Einfl\u00fcsse bieten. Dadurch k\u00f6nnen die Kalender unter verschiedenen Bedingungen eingesetzt werden, ohne Qualit\u00e4tsverluste bef\u00fcrchten zu m\u00fcssen. Jedes dieser Verfahren hat seine einzigartigen Vorteile, die individuell an die Bed\u00fcrfnisse des Kunden angepasst werden k\u00f6nnen. Auch f\u00fcr andere Werbematerialien, wie z. B. <a href=\"\/de\/prasentationsmappen\/\">Pr\u00e4sentationsmappen<\/a>, verwenden wir fortschrittliche Drucktechnologien, um h\u00f6chste Qualit\u00e4t zu gew\u00e4hrleisten.<\/p>\n<p>Die Wahl der richtigen Drucktechnologie h\u00e4ngt vom jeweiligen Projekt und den Kundenerwartungen ab. Unsere Druckexperten empfehlen die besten L\u00f6sungen unter Ber\u00fccksichtigung \u00e4sthetischer und funktionaler Aspekte. So wird sichergestellt, dass jeder Kalender nicht nur praktisch, sondern auch \u00e4sthetisch hochwertig ist.<\/p>\n<h2>Warum lohnt es sich, den Kalenderdruck an ein professionelles Unternehmen auszulagern?<\/h2>\n<p>Die Auslagerung Ihres Kalenderdrucks an ein professionelles Unternehmen <strong>garantiert hohe Qualit\u00e4t und p\u00fcnktliche Auftragsabwicklung<\/strong>. Dank langj\u00e4hriger Erfahrung bietet PrintHaus umfassendes Projektmanagement und achtet auf jedes Detail \u2013 von der Dateivorbereitung bis zum Endprodukt. Unsere Kunden k\u00f6nnen sich in jeder Phase der Zusammenarbeit auf eine pers\u00f6nliche Betreuung und kompetente Beratung verlassen.<\/p>\n<p>Unsere professionelle Druckerei verf\u00fcgt \u00fcber moderne Maschinen und ein qualifiziertes Team von Fachkr\u00e4ften, die Zuverl\u00e4ssigkeit und Pr\u00e4zision gew\u00e4hrleisten. Dank unserer fortschrittlichen Technologie erzielen wir ein Endergebnis, das h\u00f6chsten Qualit\u00e4tsstandards entspricht. Unsere wettbewerbsf\u00e4higen Preise machen uns zu einem attraktiven Partner f\u00fcr ein breites Kundenspektrum.<\/p>\n<\/div>\n<div>\n<h3>Haben Sie etwas<br \/> zum Drucken?<\/h3>\n<div>Rufen Sie uns an oder schreiben Sie eine e-mail.<\/div>\n<p><a href=\"\/de\/kontakt\/\">KONTAKT<\/a><\/p>\n<\/div>\n<hr>\n<div>Printhaus. Eine Druckerei,  <br \/ class=\"uk-visible@m\">die Ihre Erwartungen erf\u00fcllt<\/div>\n<div>Die Druckerei Printhaus ist Ihr guter Partner bei jedem Projekt. Wir haben 20 Jahre Erfahrung und viele zufriedene Kunden. Bitte teilen Sie uns mit, was wir f\u00fcr Sie drucken d\u00fcrfen.<\/div>\n<ul>\n<li>\n        <a href=\"#\"><\/a>\n    <\/li>\n<li>\n        <a href=\"https:\/\/www.linkedin.com\/in\/anetta-siekierzy\u0144ska-0a8a40251\/\"><\/a>\n    <\/li>\n<\/ul>\n<div><a href=\"tel:+48535713995\">mobile: +48 535 713 995<\/a> <br \/>\n<a href=\"mailto:anettasiekierzynska@gmail.com\">email: anettasiekierzynska@gmail.com<\/a><br \/><a href=\"https:\/\/www.google.com\/maps\/dir\/\/Bociania+16,+68-200+\u017bary\/@51.6407484,15.1679723,17z\/data=!4m9!4m8!1m0!1m5!1m1!1s0x47089f50de0fbce9:0x4286b21fc47b39d!2m2!1d15.170161!2d51.6407484!3e0\" rel=\"nofollow\"><br \/>\n    ul. Bociania 16, 68-200 \u017bary, PL<\/a><\/div>\n<div><a href=\"\/wp-content\/uploads\/2024\/05\/Normy-jakosciowe-Printhaus.pdf\" class=\"\"> Qualit\u00e4tsstandarde<\/a> | by <a href=\"https:\/\/hotmilk.pl\" rel=\"nofollow noopener\" class=\"\">hotmilk<\/a><\/div>\n<p><!--more--><br \/>\n<!-- {\"type\":\"layout\",\"children\":[{\"type\":\"section\",\"props\":{\"image_position\":\"center-center\",\"style\":\"default\",\"title_breakpoint\":\"xl\",\"title_position\":\"top-left\",\"title_rotation\":\"left\",\"vertical_align\":\"middle\",\"width\":\"default\"},\"children\":[{\"type\":\"row\",\"children\":[{\"type\":\"column\",\"props\":{\"image_position\":\"center-center\",\"position_sticky_breakpoint\":\"m\",\"width_medium\":\"3-4\"},\"children\":[{\"type\":\"headline\",\"props\":{\"content\":\"Kalender\",\"title_element\":\"h1\",\"title_font_family\":\"primary\",\"title_style\":\"h2\"}},{\"type\":\"text\",\"props\":{\"column_breakpoint\":\"m\",\"content\":\"\n\n<p style=\\\"text-align: justify;\\\"><strong>Printhaus \\u00fcbernimmt den Druck von Kalendern<\\\/strong> von A bis Z und arbeitet mit den neuesten Technologien, um Ihren Erwartungen mit qualitativ hochwertigen Produkten voll und ganz gerecht zu werden. Unser Angebot umfasst eine gro\\u00dfe Auswahl an Kalenderformaten und -arten, die auf die individuellen Bed\\u00fcrfnisse jedes Kunden zugeschnitten werden k\\u00f6nnen.<\\\/p>\\n\n\n<p style=\\\"text-align: justify;\\\"><strong>Das Kalenderdruckverfahren<\\\/strong> wird sorgf\\u00e4ltig geplant, um die h\\u00f6chste Qualit\\u00e4t des Endprodukts zu gew\\u00e4hrleisten. Wir beginnen mit einem ausf\\u00fchrlichen Gespr\\u00e4ch \\u00fcber Ihre Anforderungen und Erwartungen, um genau zu verstehen, wie Ihr Kalender aussehen soll. Anschlie\\u00dfend gehen wir in die Entwurfsphase \\u00fcber, in der unser erfahrenes Designerteam gemeinsam mit Ihnen den perfekten Kalender entwirft, der Ihren Bed\\u00fcrfnissen und Vorlieben entspricht.<\\\/p>\\n\n\n<p style=\\\"text-align: justify;\\\">Sobald der Entwurf genehmigt ist, gehen wir zum Druck \\u00fcber. Wir arbeiten mit modernen Druckmaschinen und k\\u00f6nnen deshalb eine hervorragende Druckqualit\\u00e4t garantieren. Jede Prozessphase wird sorgf\\u00e4ltig kontrolliert, um sicherzustellen, dass Sie ein Produkt mit den h\\u00f6chsten Qualit\\u00e4tsstandards erhalten.<\\\/p>\",\"margin\":\"default\"}},{\"type\":\"headline\",\"props\":{\"content\":\"Bei uns drucken Sie Ihren eigenen Kalender\",\"title_element\":\"h2\",\"title_style\":\"h3\"}},{\"type\":\"text\",\"props\":{\"column_breakpoint\":\"m\",\"content\":\"\n\n<p style=\\\"text-align:justify;\\\">Wir wissen, dass jeder Kunde andere W\\u00fcnsche hat,. Und genau deshalb bieten wir die vollst\\u00e4ndige Anpassungsm\\u00f6glichkeit von Kalendern an. Sie k\\u00f6nnen das Format, den Stil, das Farbschema und den Inhalt des Kalenders so w\\u00e4hlen, dass er perfekt zu Ihrem Stil und Ihren Bed\\u00fcrfnissen passt. Unser Team ist bereit, Ihnen bei der Erstellung eines Kalenders zu helfen, der den Charakter Ihres Unternehmens widerspiegelt und alle Ihre Erwartungen erf\\u00fcllt.<\\\/p>\\n\n\n<p style=\\\"text-align:justify;\\\">Ganz gleich, ob Sie Tischkalender f\\u00fcr Ihr Team oder Wandkalender f\\u00fcr die Verteilung an Kunden ben\\u00f6tigen, wir k\\u00f6nnen Ihnen ein Produkt liefern, das sowohl praktisch als auch \\u00e4sthetisch ansprechend ist. Unsere Kalender sind der perfekte Werbetr\\u00e4ger, um den Bekanntheitsgrad Ihrer Marke zu erh\\u00f6hen.<\\\/p>\",\"margin\":\"default\"}},{\"type\":\"text\",\"props\":{\"column_breakpoint\":\"m\",\"content\":\"\n\n<h2>Wie bereitet man eine Datei f\\u00fcr den Kalenderdruck vor? <\\\/h2> \n\n<p>Um einen <strong>Kalenderdruck<\\\/strong> in h\\u00f6chster Qualit\\u00e4t zu gew\\u00e4hrleisten, ist die richtige Dateivorbereitung entscheidend. Dateien sollten im PDF-Format bis Version 1.7 oder im PostScript-Format bis Version 3 gespeichert werden, um die Kompatibilit\\u00e4t mit unseren Drucksystemen zu gew\\u00e4hrleisten. Der CMYK-Farbraum und die passende Aufl\\u00f6sung sind weitere wichtige Elemente, die den endg\\u00fcltigen visuellen Effekt beeinflussen.<\\\/p> \n\n<p>Eine detailgenaue Dateivorbereitung ist unerl\\u00e4sslich, um Probleme beim Druckvorgang zu vermeiden. Es wird empfohlen, alle grafischen Elemente in hoher Aufl\\u00f6sung zu verwenden und den Text in Konturen umzuwandeln, um das Risiko von Schriftartfehlern zu vermeiden. Achten Sie au\\u00dferdem darauf, dass alle R\\u00e4nder und Anschnitte korrekt eingestellt sind, um einen pr\\u00e4zisen Zuschnitt des Kalenders nach dem Druck zu erm\\u00f6glichen.<\\\/p> \n\n<p>Vor dem Einreichen von Dateien f\\u00fcr den Kalenderdruck wird empfohlen, Proofs zu verwenden, die eine Farb- und Qualit\\u00e4tsbeurteilung vor Produktionsbeginn erm\\u00f6glichen.<\\\/p> \n\n<h2>Welche Technologien verwenden wir beim Kalenderdruck?<\\\/h2> \n\n<p>Beim <strong>Drucken von Kalendern<\\\/strong> kommen verschiedene Technologien zum Einsatz, die eine hervorragende Qualit\\u00e4t und Langlebigkeit der Produkte gew\\u00e4hrleisten. Der Offsetdruck eignet sich ideal f\\u00fcr gro\\u00dfe Auflagen und gew\\u00e4hrleistet pr\\u00e4zise Farb- und Detailwiedergabe. Der Digitaldruck hingegen erm\\u00f6glicht kleinere Auftr\\u00e4ge bei gleichzeitig hoher Qualit\\u00e4t und Flexibilit\\u00e4t bei der Personalisierung.<\\\/p> \n\n<p>F\\u00fcr anspruchsvollere Projekte verwenden wir auch UV- und Solvent-Drucktechnologien, die eine au\\u00dfergew\\u00f6hnliche Best\\u00e4ndigkeit gegen \\u00e4u\\u00dfere Einfl\\u00fcsse bieten. Dadurch k\\u00f6nnen die Kalender unter verschiedenen Bedingungen eingesetzt werden, ohne Qualit\\u00e4tsverluste bef\\u00fcrchten zu m\\u00fcssen. Jedes dieser Verfahren hat seine einzigartigen Vorteile, die individuell an die Bed\\u00fcrfnisse des Kunden angepasst werden k\\u00f6nnen. Auch f\\u00fcr andere Werbematerialien, wie z. B. <a href=\\\"\\\/de\\\/prasentationsmappen\\\/\\\">Pr\\u00e4sentationsmappen<\\\/a>, verwenden wir fortschrittliche Drucktechnologien, um h\\u00f6chste Qualit\\u00e4t zu gew\\u00e4hrleisten.<\\\/p> \n\n<p>Die Wahl der richtigen Drucktechnologie h\\u00e4ngt vom jeweiligen Projekt und den Kundenerwartungen ab. Unsere Druckexperten empfehlen die besten L\\u00f6sungen unter Ber\\u00fccksichtigung \\u00e4sthetischer und funktionaler Aspekte. So wird sichergestellt, dass jeder Kalender nicht nur praktisch, sondern auch \\u00e4sthetisch hochwertig ist.<\\\/p> \n\n<h2>Warum lohnt es sich, den Kalenderdruck an ein professionelles Unternehmen auszulagern?<\\\/h2> \n\n<p>Die Auslagerung Ihres Kalenderdrucks an ein professionelles Unternehmen <strong>garantiert hohe Qualit\\u00e4t und p\\u00fcnktliche Auftragsabwicklung<\\\/strong>. Dank langj\\u00e4hriger Erfahrung bietet PrintHaus umfassendes Projektmanagement und achtet auf jedes Detail \\u2013 von der Dateivorbereitung bis zum Endprodukt. Unsere Kunden k\\u00f6nnen sich in jeder Phase der Zusammenarbeit auf eine pers\\u00f6nliche Betreuung und kompetente Beratung verlassen.<\\\/p> \n\n<p>Unsere professionelle Druckerei verf\\u00fcgt \\u00fcber moderne Maschinen und ein qualifiziertes Team von Fachkr\\u00e4ften, die Zuverl\\u00e4ssigkeit und Pr\\u00e4zision gew\\u00e4hrleisten. Dank unserer fortschrittlichen Technologie erzielen wir ein Endergebnis, das h\\u00f6chsten Qualit\\u00e4tsstandards entspricht. Unsere wettbewerbsf\\u00e4higen Preise machen uns zu einem attraktiven Partner f\\u00fcr ein breites Kundenspektrum.<\\\/p>\",\"margin\":\"default\"}}]},{\"type\":\"column\",\"props\":{\"image_position\":\"center-center\",\"position_sticky_breakpoint\":\"m\",\"vertical_align\":\"middle\",\"width_medium\":\"1-4\"},\"children\":[{\"type\":\"panel\",\"props\":{\"block_align\":\"center\",\"content\":\"Rufen Sie uns an oder schreiben Sie eine e-mail.\",\"content_column_breakpoint\":\"m\",\"icon_width\":80,\"image_align\":\"top\",\"image_grid_breakpoint\":\"m\",\"image_grid_width\":\"1-2\",\"image_svg_color\":\"emphasis\",\"link\":\"\\\/de\\\/kontakt\\\/\",\"link_style\":\"secondary\",\"link_text\":\"KONTAKT\",\"margin\":\"default\",\"maxwidth\":\"medium\",\"meta_align\":\"below-title\",\"meta_element\":\"div\",\"meta_style\":\"text-meta\",\"panel_link\":false,\"panel_padding\":\"default\",\"panel_style\":\"card-primary\",\"text_align\":\"center\",\"title\":\"Haben Sie etwas<br\\\/> zum Drucken?\",\"title_align\":\"top\",\"title_element\":\"h3\",\"title_grid_breakpoint\":\"m\",\"title_grid_width\":\"1-2\",\"title_hover_style\":\"reset\"},\"name\":\"card va\"}]}],\"props\":{\"layout\":\"3-4,1-4\"}}],\"name\":\"Sekcja tekstowa - podstrony us\\u0142ug\"},{\"type\":\"section\",\"props\":{\"id\":\"footer\",\"image_position\":\"center-center\",\"style\":\"default\",\"title_breakpoint\":\"xl\",\"title_position\":\"top-left\",\"title_rotation\":\"left\",\"vertical_align\":\"middle\",\"width\":\"default\"},\"children\":[{\"type\":\"row\",\"children\":[{\"type\":\"column\",\"props\":{\"image_position\":\"center-center\",\"position_sticky_breakpoint\":\"m\"},\"children\":[{\"type\":\"divider\",\"props\":{\"divider_element\":\"hr\"}}]}]},{\"type\":\"row\",\"props\":{\"layout\":\"1-2,1-2\"},\"children\":[{\"type\":\"column\",\"props\":{\"image_position\":\"center-center\",\"position_sticky_breakpoint\":\"m\",\"width_medium\":\"1-2\",\"width_small\":\"1-2\"},\"children\":[{\"type\":\"headline\",\"props\":{\"content\":\"Printhaus. Eine Druckerei,  <br \\\/ class=\\\"uk-visible@m\\\">die Ihre Erwartungen erf\\u00fcllt\",\"title_color\":\"primary\",\"title_element\":\"div\",\"title_style\":\"h2\"}}]},{\"type\":\"column\",\"props\":{\"image_position\":\"center-center\",\"position_sticky_breakpoint\":\"m\",\"width_medium\":\"1-2\",\"width_small\":\"1-2\"}}]},{\"type\":\"row\",\"props\":{\"layout\":\"1-2,1-2\"},\"children\":[{\"type\":\"column\",\"props\":{\"image_position\":\"center-center\",\"position_sticky_breakpoint\":\"m\",\"width_medium\":\"1-2\",\"width_small\":\"1-2\"},\"children\":[{\"type\":\"text\",\"props\":{\"column_breakpoint\":\"m\",\"content\":\"Die Druckerei Printhaus ist Ihr guter Partner bei jedem Projekt. Wir haben 20 Jahre Erfahrung und viele zufriedene Kunden. Bitte teilen Sie uns mit, was wir f\\u00fcr Sie drucken d\\u00fcrfen.\",\"margin\":\"default\"}},{\"type\":\"button\",\"props\":{\"grid_column_gap\":\"small\",\"grid_row_gap\":\"small\",\"margin\":\"default\"},\"children\":[{\"type\":\"button_item\",\"props\":{\"button_style\":\"text\",\"icon\":\"instagram\",\"icon_align\":\"left\",\"link\":\"#\",\"link_target\":\"blank\"}},{\"type\":\"button_item\",\"props\":{\"button_style\":\"text\",\"icon\":\"linkedin\",\"icon_align\":\"left\",\"link\":\"https:\\\/\\\/www.linkedin.com\\\/in\\\/anetta-siekierzy\\u0144ska-0a8a40251\\\/\",\"link_target\":\"blank\"}}]}]},{\"type\":\"column\",\"props\":{\"image_position\":\"center-center\",\"position_sticky_breakpoint\":\"m\",\"width_medium\":\"1-2\",\"width_small\":\"1-2\"},\"children\":[{\"type\":\"text\",\"props\":{\"column_breakpoint\":\"m\",\"content\":\"<a href=\\\"tel:+48535713995\\\">mobile: +48 535 713 995<\\\/a> <br\\\/>\\n<a href=\\\"mailto:anettasiekierzynska@gmail.com\\\">email: anettasiekierzynska@gmail.com<\\\/a><br\\\/><a href=\\\"https:\\\/\\\/www.google.com\\\/maps\\\/dir\\\/\\\/Bociania+16,+68-200+\\u017bary\\\/@51.6407484,15.1679723,17z\\\/data=!4m9!4m8!1m0!1m5!1m1!1s0x47089f50de0fbce9:0x4286b21fc47b39d!2m2!1d15.170161!2d51.6407484!3e0\\\" rel=\\\"nofollow\\\">\\n    ul. Bociania 16, 68-200 \\u017bary, PL<\\\/a>\",\"margin\":\"default\"}}]}]},{\"type\":\"row\",\"children\":[{\"type\":\"column\",\"props\":{\"image_position\":\"center-center\",\"position_sticky_breakpoint\":\"m\"},\"children\":[{\"type\":\"headline\",\"props\":{\"content\":\"<a href=\\\"\\\/wp-content\\\/uploads\\\/2024\\\/05\\\/Normy-jakosciowe-Printhaus.pdf\\\" class=\\\"\\\"> Qualit\\u00e4tsstandarde<\\\/a> | by <a href=\\\"https:\\\/\\\/hotmilk.pl\\\" rel=\\\"nofollow noopener\\\" class=\\\"\\\">hotmilk<\\\/a>\",\"text_align\":\"left\",\"title_element\":\"div\",\"title_style\":\"text-meta\"}}]}]}],\"name\":\"stopka de\"}],\"version\":\"4.0.13\"} --><\/p>\n","protected":false},"excerpt":{"rendered":"<p>Kalender Printhaus \u00fcbernimmt den Druck von Kalendern von A bis Z und arbeitet mit den neuesten Technologien, um Ihren Erwartungen mit qualitativ hochwertigen Produkten voll und ganz gerecht zu werden. Unser Angebot umfasst eine gro\u00dfe Auswahl an Kalenderformaten und -arten, die auf die individuellen Bed\u00fcrfnisse jedes Kunden zugeschnitten werden k\u00f6nnen. Das Kalenderdruckverfahren wird sorgf\u00e4ltig geplant, [&hellip;]<\/p>\n","protected":false},"author":3,"featured_media":0,"parent":0,"menu_order":0,"comment_status":"closed","ping_status":"closed","template":"","meta":{"footnotes":""},"class_list":["post-724","page","type-page","status-publish","hentry"],"yoast_head":"<!-- This site is optimized with the Yoast SEO plugin v26.4 - https:\/\/yoast.com\/wordpress\/plugins\/seo\/ -->\n<title>Kalender drucken in Polen | Printhaus<\/title>\n<meta name=\"description\" content=\"Printhaus \u00fcbernimmt den Druck von Kalendern von A bis Z und arbeitet mit den neuesten Technologien, um Ihren Erwartungen mit qualitativ hochwertigen Produkten voll und ganz gerecht zu werden.\" \/>\n<meta name=\"robots\" content=\"index, follow, max-snippet:-1, max-image-preview:large, max-video-preview:-1\" \/>\n<link rel=\"canonical\" href=\"https:\/\/printhaus.pl\/de\/kalender\/\" \/>\n<meta property=\"og:locale\" content=\"de_DE\" \/>\n<meta property=\"og:type\" content=\"article\" \/>\n<meta property=\"og:title\" content=\"Kalender drucken in Polen | Printhaus\" \/>\n<meta property=\"og:description\" content=\"Printhaus \u00fcbernimmt den Druck von Kalendern von A bis Z und arbeitet mit den neuesten Technologien, um Ihren Erwartungen mit qualitativ hochwertigen Produkten voll und ganz gerecht zu werden.\" \/>\n<meta property=\"og:url\" content=\"https:\/\/printhaus.pl\/de\/kalender\/\" \/>\n<meta property=\"og:site_name\" content=\"Printhaus\" \/>\n<meta property=\"article:modified_time\" content=\"2025-09-15T08:04:32+00:00\" \/>\n<meta name=\"twitter:card\" content=\"summary_large_image\" \/>\n<meta name=\"twitter:label1\" content=\"Gesch\u00e4tzte Lesezeit\" \/>\n\t<meta name=\"twitter:data1\" content=\"4\u00a0Minuten\" \/>\n<script type=\"application\/ld+json\" class=\"yoast-schema-graph\">{\"@context\":\"https:\/\/schema.org\",\"@graph\":[{\"@type\":\"WebPage\",\"@id\":\"https:\/\/printhaus.pl\/de\/kalender\/\",\"url\":\"https:\/\/printhaus.pl\/de\/kalender\/\",\"name\":\"Kalender drucken in Polen | Printhaus\",\"isPartOf\":{\"@id\":\"https:\/\/printhaus.pl\/de\/#website\"},\"datePublished\":\"2024-09-10T14:03:25+00:00\",\"dateModified\":\"2025-09-15T08:04:32+00:00\",\"description\":\"Printhaus \u00fcbernimmt den Druck von Kalendern von A bis Z und arbeitet mit den neuesten Technologien, um Ihren Erwartungen mit qualitativ hochwertigen Produkten voll und ganz gerecht zu werden.\",\"breadcrumb\":{\"@id\":\"https:\/\/printhaus.pl\/de\/kalender\/#breadcrumb\"},\"inLanguage\":\"de\",\"potentialAction\":[{\"@type\":\"ReadAction\",\"target\":[\"https:\/\/printhaus.pl\/de\/kalender\/\"]}]},{\"@type\":\"BreadcrumbList\",\"@id\":\"https:\/\/printhaus.pl\/de\/kalender\/#breadcrumb\",\"itemListElement\":[{\"@type\":\"ListItem\",\"position\":1,\"name\":\"Strona g\u0142\u00f3wna\",\"item\":\"https:\/\/printhaus.pl\/de\/\"},{\"@type\":\"ListItem\",\"position\":2,\"name\":\"Kalender\"}]},{\"@type\":\"WebSite\",\"@id\":\"https:\/\/printhaus.pl\/de\/#website\",\"url\":\"https:\/\/printhaus.pl\/de\/\",\"name\":\"Printhaus\",\"description\":\"Tanie drukowanie w Polsce\",\"potentialAction\":[{\"@type\":\"SearchAction\",\"target\":{\"@type\":\"EntryPoint\",\"urlTemplate\":\"https:\/\/printhaus.pl\/de\/?s={search_term_string}\"},\"query-input\":{\"@type\":\"PropertyValueSpecification\",\"valueRequired\":true,\"valueName\":\"search_term_string\"}}],\"inLanguage\":\"de\"}]}<\/script>\n<!-- \/ Yoast SEO plugin. -->","yoast_head_json":{"title":"Kalender drucken in Polen | Printhaus","description":"Printhaus \u00fcbernimmt den Druck von Kalendern von A bis Z und arbeitet mit den neuesten Technologien, um Ihren Erwartungen mit qualitativ hochwertigen Produkten voll und ganz gerecht zu werden.","robots":{"index":"index","follow":"follow","max-snippet":"max-snippet:-1","max-image-preview":"max-image-preview:large","max-video-preview":"max-video-preview:-1"},"canonical":"https:\/\/printhaus.pl\/de\/kalender\/","og_locale":"de_DE","og_type":"article","og_title":"Kalender drucken in Polen | Printhaus","og_description":"Printhaus \u00fcbernimmt den Druck von Kalendern von A bis Z und arbeitet mit den neuesten Technologien, um Ihren Erwartungen mit qualitativ hochwertigen Produkten voll und ganz gerecht zu werden.","og_url":"https:\/\/printhaus.pl\/de\/kalender\/","og_site_name":"Printhaus","article_modified_time":"2025-09-15T08:04:32+00:00","twitter_card":"summary_large_image","twitter_misc":{"Gesch\u00e4tzte Lesezeit":"4\u00a0Minuten"},"schema":{"@context":"https:\/\/schema.org","@graph":[{"@type":"WebPage","@id":"https:\/\/printhaus.pl\/de\/kalender\/","url":"https:\/\/printhaus.pl\/de\/kalender\/","name":"Kalender drucken in Polen | Printhaus","isPartOf":{"@id":"https:\/\/printhaus.pl\/de\/#website"},"datePublished":"2024-09-10T14:03:25+00:00","dateModified":"2025-09-15T08:04:32+00:00","description":"Printhaus \u00fcbernimmt den Druck von Kalendern von A bis Z und arbeitet mit den neuesten Technologien, um Ihren Erwartungen mit qualitativ hochwertigen Produkten voll und ganz gerecht zu werden.","breadcrumb":{"@id":"https:\/\/printhaus.pl\/de\/kalender\/#breadcrumb"},"inLanguage":"de","potentialAction":[{"@type":"ReadAction","target":["https:\/\/printhaus.pl\/de\/kalender\/"]}]},{"@type":"BreadcrumbList","@id":"https:\/\/printhaus.pl\/de\/kalender\/#breadcrumb","itemListElement":[{"@type":"ListItem","position":1,"name":"Strona g\u0142\u00f3wna","item":"https:\/\/printhaus.pl\/de\/"},{"@type":"ListItem","position":2,"name":"Kalender"}]},{"@type":"WebSite","@id":"https:\/\/printhaus.pl\/de\/#website","url":"https:\/\/printhaus.pl\/de\/","name":"Printhaus","description":"Tanie drukowanie w Polsce","potentialAction":[{"@type":"SearchAction","target":{"@type":"EntryPoint","urlTemplate":"https:\/\/printhaus.pl\/de\/?s={search_term_string}"},"query-input":{"@type":"PropertyValueSpecification","valueRequired":true,"valueName":"search_term_string"}}],"inLanguage":"de"}]}},"_links":{"self":[{"href":"https:\/\/printhaus.pl\/de\/wp-json\/wp\/v2\/pages\/724","targetHints":{"allow":["GET"]}}],"collection":[{"href":"https:\/\/printhaus.pl\/de\/wp-json\/wp\/v2\/pages"}],"about":[{"href":"https:\/\/printhaus.pl\/de\/wp-json\/wp\/v2\/types\/page"}],"author":[{"embeddable":true,"href":"https:\/\/printhaus.pl\/de\/wp-json\/wp\/v2\/users\/3"}],"replies":[{"embeddable":true,"href":"https:\/\/printhaus.pl\/de\/wp-json\/wp\/v2\/comments?post=724"}],"version-history":[{"count":5,"href":"https:\/\/printhaus.pl\/de\/wp-json\/wp\/v2\/pages\/724\/revisions"}],"predecessor-version":[{"id":829,"href":"https:\/\/printhaus.pl\/de\/wp-json\/wp\/v2\/pages\/724\/revisions\/829"}],"wp:attachment":[{"href":"https:\/\/printhaus.pl\/de\/wp-json\/wp\/v2\/media?parent=724"}],"curies":[{"name":"wp","href":"https:\/\/api.w.org\/{rel}","templated":true}]}}